{"id":11,"date":"2024-01-08T18:43:16","date_gmt":"2024-01-08T18:43:16","guid":{"rendered":"https:\/\/prisidek.katalikutradicija.lt\/?page_id=11"},"modified":"2024-01-11T12:58:05","modified_gmt":"2024-01-11T12:58:05","slug":"paramos-taisykles","status":"publish","type":"page","link":"https:\/\/prisidek.katalikutradicija.lt\/index.php\/paramos-taisykles\/","title":{"rendered":"Paramos taisykl\u0117s"},"content":{"rendered":"\n<p><strong>1. Bendrosios nuostatos<\/strong><\/p>\n\n\n\n<p>1.1. \u0160ios paramos rinkimo svetain\u0117s taisykl\u0117s (toliau \u2013 Taisykl\u0117s) yra Paramos teik\u0117jui (toliau &#8211; teik\u0117jas) ir Paramos gav\u0117jui (toliau &#8211; Gav\u0117jas) juridi\u0161kai privalomas dokumentas, kuriame nustatomos \u0160ali\u0173 teis\u0117s ir pareigos.<br>1.2. Gav\u0117jas pasilieka teis\u0119 bet kuriuo metu pakeisti, taisyti ar papildyti \u0161ias Taisykles. Apie Taisykli\u0173 pasikeitimus Teik\u0117jas informuojamas \u0161ioje svetain\u0117je.<\/p>\n\n\n\n<p><strong>2. Paramos teikimo sutarties sudarymas<\/strong><\/p>\n\n\n\n<p>2.1. Paramos teikimo sutartis tarp Teik\u0117jo ir Gav\u0117jo laikoma sudaryta, kuomet Teik\u0117jas \u0161ioje svetain\u0117je suformuoja ir pateikia paramos teikimo nurodym\u0105, prie\u0161 tai susipa\u017ein\u0119s su \u0161iomis taisykl\u0117mis.<\/p>\n\n\n\n<p><strong>3. Gav\u0117jo teis\u0117s<\/strong><\/p>\n\n\n\n<p>3.1. Susidarius svarbioms aplinkyb\u0117ms, Gav\u0117jas gali laikinai arba visi\u0161kai sustabdyti \u0161ios svetain\u0117s veikl\u0105, apie tai i\u0161 anksto neprane\u0161\u0119s Teik\u0117jui.<br>3.2. Jeigu Teik\u0117jas bando pakenkti svetain\u0117s darbui, stabilumui ir saugumui ar pa\u017eeid\u017eia savo \u012fsipareigojimus, Gav\u0117jas turi teis\u0119 be persp\u0117jimo apriboti ar sustabdyti jam galimyb\u0119 naudotis svetaine.<\/p>\n\n\n\n<p><strong>4. Gav\u0117jo \u012fsipareigojimai<\/strong><\/p>\n\n\n\n<p>4.1. Gav\u0117jas \u012fsipareigoja sudaryti galimyb\u0119 naudotis svetain\u0117s paslaugomis, kurios veikimo s\u0105lygas nustato \u0161ios Taisykl\u0117s.<br>4.2. Gav\u0117jas \u012fsipareigoja Teik\u0117jui svetain\u0117je nurodytas pad\u0117kos dovanas pristatyti pa\u0161tu Teik\u0117jo nurodytu adresu, jeigu pavyksta surinkti projekto \u012fgyvendinimui reikaling\u0105 paramos sum\u0105 ir projekt\u0105 \u012fgyvendinti.<br>4.3. Gav\u0117jui nepavykus surinkti nurodytos projekto \u012fgyvendinimui reikalingos paramos sumos iki projekte nurodytos datos, visa Teik\u0117jo projektui suteikta parama jam gr\u0105\u017einama per 60 kalendorini\u0173 dien\u0173.<br>4.4. Teik\u0117jui pareikalavus gr\u0105\u017einti skirt\u0105 param\u0105 pagal Taisykli\u0173 5.2. punkte nurodytas s\u0105lygas, Gav\u0117jas privalo Teik\u0117jui gr\u0105\u017einti skirt\u0105 param\u0105 per 60 kalendorini\u0173 dien\u0173.<\/p>\n\n\n\n<p><strong>5. Teik\u0117jo teis\u0117s<\/strong><\/p>\n\n\n\n<p>5.1. Teik\u0117jas turi teis\u0119 teikti param\u0105 \u0161ioje svetain\u0117je nurodytiems projektams vadovaudamasis \u0161iomis Taisykl\u0117mis.<br>5.2. Teik\u0117jas turi teis\u0119 pareikalauti gr\u0105\u017einti skirt\u0105 param\u0105, prane\u0161damas apie tai Gav\u0117jui ra\u0161tu ne v\u0117liau kaip 30 kalendorini\u0173 dien\u0173 nuo paramos skyrimo dienos.<\/p>\n\n\n\n<p><strong>6. Teik\u0117jo \u012fsipareigojimai<\/strong><\/p>\n\n\n\n<p>6.1. Teik\u0117jas, naudodamasis \u0161ia svetaine, patvirtina, kad sutinka su \u0161iomis paramos rinkimo svetain\u0117s taisykl\u0117mis ir privalo j\u0173 laikytis.<\/p>\n\n\n\n<p><strong>7. Preki\u0173 u\u017esakymas ir apmok\u0117jimas<\/strong><\/p>\n\n\n\n<p>7.1. Teik\u0117jas, apsilank\u0119s svetain\u0117je, pasirenka projekt\u0105, kuriam nori skirti param\u0105.  Po projekto pasirinkimo, Teik\u0117jas suveda asmens duomenis, b\u016btinus u\u017esakymo \u012fvykdymui: savo vard\u0105, pavard\u0119, adres\u0105, telefono numer\u012f bei papildom\u0105 informacij\u0105, kuri gali b\u016bti svarbi pristatant Teik\u0117jui pad\u0117kos u\u017e param\u0105 dovanas.\u00a0Teik\u0117jas patvirtina, jog susipa\u017eino su \u0161iomis taisykl\u0117mis ir patvirtina paramos skyrimo nurodym\u0105.<br>7.3. Skirti param\u0105 galima naudojantis Swedbank, SEB, Luminor, Citadel\u0117s, \u0160iauli\u0173 banko elektronin\u0117s bankininkyst\u0117s paslaugomis. Skirti param\u0105 galima euro valiuta. Mok\u0117jimai apdorojami naudojantis Opay mok\u0117jim\u0173 platforma.<br><br><strong>8. Baigiamosios nuostatos<\/strong><\/p>\n\n\n\n<p>8.1. \u0160ios Taisykl\u0117s sudarytos vadovaujantis Lietuvos Respublikos teis\u0117s aktais.<br>8.2. \u0160ioms Taisykl\u0117ms ir santykiams tarp \u0160ali\u0173 \u0161i\u0173 Taisykli\u0173 at\u017evilgiu taikomos ir jos ai\u0161kinamos remiantis Lietuvos Respublikos \u012fstatymais.<br>8.3. Visi nesutarimai, kil\u0119 d\u0117l \u0161i\u0173 Taisykli\u0173 vykdymo, sprend\u017eiami deryb\u0173 b\u016bdu. Nepavykus susitarti, gin\u010dai sprend\u017eiami Lietuvos Respublikos \u012fstatym\u0173 nustatyta tvarka.<br>8.4. \u0160alys atleid\u017eiamos nuo \u012fsipareigojim\u0173 pagal \u0161ias Taisykles vykdymo, jei j\u0173 \u012fvykdyti negalima d\u0117l nenumatyt\u0173 ir \u0160ali\u0173 valios nepriklausan\u010di\u0173 aplinkybi\u0173 (Force major).<br><br><\/p>\n","protected":false},"excerpt":{"rendered":"<p>1. Bendrosios nuostatos 1.1. \u0160ios paramos rinkimo svetain\u0117s taisykl\u0117s (toliau \u2013 Taisykl\u0117s) yra Paramos teik\u0117jui (toliau &#8211; teik\u0117jas) ir Paramos gav\u0117jui (toliau &#8211; Gav\u0117jas) juridi\u0161kai privalomas dokumentas, kuriame nustatomos \u0160ali\u0173 teis\u0117s ir pareigos.1.2. Gav\u0117jas pasilieka teis\u0119 bet kuriuo metu pakeisti, taisyti ar papildyti \u0161ias Taisykles. Apie Taisykli\u0173 pasikeitimus Teik\u0117jas informuojamas \u0161ioje svetain\u0117je. 2. Paramos teikimo &hellip;<\/p>\n<p class=\"read-more\"> <a class=\"\" href=\"https:\/\/prisidek.katalikutradicija.lt\/index.php\/paramos-taisykles\/\"> <span class=\"screen-reader-text\">Paramos taisykl\u0117s<\/span> Skaityti daugiau &raquo;<\/a><\/p>\n","protected":false},"author":1,"featured_media":0,"parent":0,"menu_order":0,"comment_status":"closed","ping_status":"closed","template":"","meta":{"inline_featured_image":false,"site-sidebar-layout":"default","site-content-layout":"default","ast-global-header-display":"","ast-main-header-display":"","ast-hfb-above-header-display":"","ast-hfb-below-header-display":"","ast-hfb-mobile-header-display":"","site-post-title":"","ast-breadcrumbs-content":"","ast-featured-img":"","footer-sml-layout":"","theme-transparent-header-meta":"","adv-header-id-meta":"","stick-header-meta":"","header-above-stick-meta":"","header-main-stick-meta":"","header-below-stick-meta":"","footnotes":""},"class_list":["post-11","page","type-page","status-publish","hentry"],"_links":{"self":[{"href":"https:\/\/prisidek.katalikutradicija.lt\/index.php\/wp-json\/wp\/v2\/pages\/11","targetHints":{"allow":["GET"]}}],"collection":[{"href":"https:\/\/prisidek.katalikutradicija.lt\/index.php\/wp-json\/wp\/v2\/pages"}],"about":[{"href":"https:\/\/prisidek.katalikutradicija.lt\/index.php\/wp-json\/wp\/v2\/types\/page"}],"author":[{"embeddable":true,"href":"https:\/\/prisidek.katalikutradicija.lt\/index.php\/wp-json\/wp\/v2\/users\/1"}],"replies":[{"embeddable":true,"href":"https:\/\/prisidek.katalikutradicija.lt\/index.php\/wp-json\/wp\/v2\/comments?post=11"}],"version-history":[{"count":10,"href":"https:\/\/prisidek.katalikutradicija.lt\/index.php\/wp-json\/wp\/v2\/pages\/11\/revisions"}],"predecessor-version":[{"id":122,"href":"https:\/\/prisidek.katalikutradicija.lt\/index.php\/wp-json\/wp\/v2\/pages\/11\/revisions\/122"}],"wp:attachment":[{"href":"https:\/\/prisidek.katalikutradicija.lt\/index.php\/wp-json\/wp\/v2\/media?parent=11"}],"curies":[{"name":"wp","href":"https:\/\/api.w.org\/{rel}","templated":true}]}}