{"id":9,"date":"2024-01-08T18:42:27","date_gmt":"2024-01-08T18:42:27","guid":{"rendered":"https:\/\/prisidek.katalikutradicija.lt\/?page_id=9"},"modified":"2024-01-11T12:34:57","modified_gmt":"2024-01-11T12:34:57","slug":"apie-mus","status":"publish","type":"page","link":"https:\/\/prisidek.katalikutradicija.lt\/index.php\/apie-mus\/","title":{"rendered":"Apie iniciatyvas"},"content":{"rendered":"\n<p>Esame pasaulie\u010di\u0173 jud\u0117jimas,\u00a0siekiantis Katalik\u0173 Ba\u017eny\u010dios Tradicijos i\u0161saugojimo ir atstatymo ten, kur ji prarasta.\u00a0<strong>Mes palaikome Katalik\u0173 Ba\u017eny\u010dios Tradicij\u0105<\/strong>\u00a0\u2013 ne tik tradicin\u0119 liturgij\u0105, bet ir doktrin\u0105, kataliki\u0161k\u0173 princip\u0173 laikym\u0105si kasdieniame gyvenime ir klasikin\u012f m\u0105stym\u0105. Neatstovaujame jokios Ba\u017eny\u010dios kongregacijos ar organizacijos. Daugiau apie m\u016bs\u0173 veiklos kryptis ir komand\u0105: <a href=\"http:\/\/www.katalikutradicija.lt\/apie-mus\">www.katalikutradicija.lt\/apie-mus<\/a><\/p>\n\n\n\n<p>Viena i\u0161 m\u016bs\u0173 veiklos kryp\u010di\u0173 \u2013 <strong>tradicini\u0173 kataliki\u0161k\u0173 knyg\u0173 leidyba<\/strong>. \u0160ioje svetain\u0117je renkame param\u0105 konkre\u010di\u0173 knyg\u0173 parengimui ir leidybai.<\/p>\n","protected":false},"excerpt":{"rendered":"<p>Esame pasaulie\u010di\u0173 jud\u0117jimas,\u00a0siekiantis Katalik\u0173 Ba\u017eny\u010dios Tradicijos i\u0161saugojimo ir atstatymo ten, kur ji prarasta.\u00a0Mes palaikome Katalik\u0173 Ba\u017eny\u010dios Tradicij\u0105\u00a0\u2013 ne tik tradicin\u0119 liturgij\u0105, bet ir doktrin\u0105, kataliki\u0161k\u0173 princip\u0173 laikym\u0105si kasdieniame gyvenime ir klasikin\u012f m\u0105stym\u0105. Neatstovaujame jokios Ba\u017eny\u010dios kongregacijos ar organizacijos. Daugiau apie m\u016bs\u0173 veiklos kryptis ir komand\u0105: www.katalikutradicija.lt\/apie-mus Viena i\u0161 m\u016bs\u0173 veiklos kryp\u010di\u0173 \u2013 tradicini\u0173 kataliki\u0161k\u0173 knyg\u0173 &hellip;<\/p>\n<p class=\"read-more\"> <a class=\"\" href=\"https:\/\/prisidek.katalikutradicija.lt\/index.php\/apie-mus\/\"> <span class=\"screen-reader-text\">Apie iniciatyvas<\/span> Skaityti daugiau &raquo;<\/a><\/p>\n","protected":false},"author":1,"featured_media":0,"parent":0,"menu_order":0,"comment_status":"closed","ping_status":"closed","template":"","meta":{"inline_featured_image":false,"site-sidebar-layout":"default","site-content-layout":"default","ast-global-header-display":"","ast-main-header-display":"","ast-hfb-above-header-display":"","ast-hfb-below-header-display":"","ast-hfb-mobile-header-display":"","site-post-title":"","ast-breadcrumbs-content":"","ast-featured-img":"","footer-sml-layout":"","theme-transparent-header-meta":"","adv-header-id-meta":"","stick-header-meta":"","header-above-stick-meta":"","header-main-stick-meta":"","header-below-stick-meta":"","footnotes":""},"class_list":["post-9","page","type-page","status-publish","hentry"],"_links":{"self":[{"href":"https:\/\/prisidek.katalikutradicija.lt\/index.php\/wp-json\/wp\/v2\/pages\/9","targetHints":{"allow":["GET"]}}],"collection":[{"href":"https:\/\/prisidek.katalikutradicija.lt\/index.php\/wp-json\/wp\/v2\/pages"}],"about":[{"href":"https:\/\/prisidek.katalikutradicija.lt\/index.php\/wp-json\/wp\/v2\/types\/page"}],"author":[{"embeddable":true,"href":"https:\/\/prisidek.katalikutradicija.lt\/index.php\/wp-json\/wp\/v2\/users\/1"}],"replies":[{"embeddable":true,"href":"https:\/\/prisidek.katalikutradicija.lt\/index.php\/wp-json\/wp\/v2\/comments?post=9"}],"version-history":[{"count":6,"href":"https:\/\/prisidek.katalikutradicija.lt\/index.php\/wp-json\/wp\/v2\/pages\/9\/revisions"}],"predecessor-version":[{"id":104,"href":"https:\/\/prisidek.katalikutradicija.lt\/index.php\/wp-json\/wp\/v2\/pages\/9\/revisions\/104"}],"wp:attachment":[{"href":"https:\/\/prisidek.katalikutradicija.lt\/index.php\/wp-json\/wp\/v2\/media?parent=9"}],"curies":[{"name":"wp","href":"https:\/\/api.w.org\/{rel}","templated":true}]}}